{"id":936,"date":"2025-06-03T17:58:54","date_gmt":"2025-06-03T17:58:54","guid":{"rendered":"http:\/\/lespelicansnoirs.wordpress.com\/?page_id=1"},"modified":"2025-08-01T17:06:28","modified_gmt":"2025-08-01T15:06:28","slug":"a-propos-des-pelicans-noirs","status":"publish","type":"page","link":"https:\/\/les-pelicans-noirs.fr\/?page_id=936","title":{"rendered":"Moule \u00e0 gaufres ? Ostrogoth ? Bachi-bouzouk ? Mais qui sommes-nous, mille sabords ?"},"content":{"rendered":"\n<p><strong>Imaginez quelques amis, dans le cadre de leurs relations amicales ou professionnelles. Ils d\u00e9couvrent, un jour au cours de leurs rencontres, leur passion commune pour l\u2019\u0153uvre d\u2019Herg\u00e9 et son jeune reporter \u00ab Tintin \u00bb.<\/strong><\/p>\n\n\n\n<p><img decoding=\"async\" class=\"wp-image-18\" style=\"width: 4000px\" src=\"https:\/\/lespelicansnoirs.wordpress.com\/wp-content\/uploads\/2025\/06\/2024-09-14-pelicans-noirs-sortie-marcopolo-2.jpg\" alt=\"Les p\u00e9licans sur le Marco Polo\"><br>Il n\u2019en faut pas plus pour qu\u2019ils d\u00e9cident de mettre en commun cette passion, leurs informations, leurs savoirs, leurs d\u00e9couvertes, leur humour. Ainsi sont n\u00e9s le 21 d\u2019avril 99 \u00ab Les P\u00e9licans Noirs \u00bb.<br>L\u2019association qu\u2019ils d\u00e9cident de cr\u00e9er aura pour objet \u00ab de regrouper des amateurs v\u00e9ritables de l\u2019\u0153uvre d\u2019Herg\u00e9 et de veiller surtout au respect de l\u2019int\u00e9grit\u00e9 territoriale de la Syldavie\u00bb.<br><br>Les \u00ab P\u00e9licans \u00bb d\u00e9cident \u00e9galement de se limiter \u00e0 27 membres, autant que d\u2019albums de Tintin.aux quelles on a ajout\u00e9 les 3 films d\u00e9sir\u00e9s par Herg\u00e9. Chaque \u00ab P\u00e9lican \u00bb devra d\u2019ailleurs avoir son album de r\u00e9f\u00e9rence. Ils auront \u00e9galement parmi eux un consul, celui de Syldavie. Enfin, ils auront l\u2019obligation morale de faire allusion \u00e0 l\u2019\u0153uvre d\u2019Herg\u00e9 lorsque l\u2019un ou l\u2019autre interviendra dans une manifestation publique ou officielle.<br><br>Au cours des toutes premi\u00e8res ann\u00e9es de leur vie commune, les hasards de la vie verront arriver de nouveaux \u00ab P\u00e9licans \u00bb passionn\u00e9s et coopt\u00e9s apr\u00e8s examen de passage en Tintinophilie. C\u2019est d\u2019ailleurs ainsi qu\u2019ils accueilleront un soir d\u2019avril 2000 un \u00ab P\u00e9lican d\u2019Honneur \u00bb , Alain Jupp\u00e9, qui sera fait \u00ab chevalier de l\u2019ordre du P\u00e9lican d\u2019Or\u2026<\/p>\n","protected":false},"excerpt":{"rendered":"<p>Imaginez quelques amis, dans le cadre de leurs relations amicales ou professionnelles. Ils d\u00e9couvrent, un jour au cours<\/p>\n","protected":false},"author":1,"featured_media":0,"parent":0,"menu_order":0,"comment_status":"closed","ping_status":"open","template":"","meta":{"footnotes":""},"class_list":["post-936","page","type-page","status-publish","hentry"],"yoast_head":"<!-- This site is optimized with the Yoast SEO plugin v25.5 - https:\/\/yoast.com\/wordpress\/plugins\/seo\/ -->\n<title>Moule \u00e0 gaufres ? Ostrogoth ? Bachi-bouzouk ? Mais qui sommes-nous, mille sabords ? - Les P\u00e9licans Noirs<\/title>\n<meta name=\"robots\" content=\"index, follow, max-snippet:-1, max-image-preview:large, max-video-preview:-1\" \/>\n<link rel=\"canonical\" href=\"https:\/\/les-pelicans-noirs.fr\/?page_id=936\" \/>\n<meta property=\"og:locale\" content=\"en_US\" \/>\n<meta property=\"og:type\" content=\"article\" \/>\n<meta property=\"og:title\" content=\"Moule \u00e0 gaufres ? Ostrogoth ? Bachi-bouzouk ? Mais qui sommes-nous, mille sabords ? - Les P\u00e9licans Noirs\" \/>\n<meta property=\"og:description\" content=\"Imaginez quelques amis, dans le cadre de leurs relations amicales ou professionnelles. Ils d\u00e9couvrent, un jour au cours\" \/>\n<meta property=\"og:url\" content=\"https:\/\/les-pelicans-noirs.fr\/?page_id=936\" \/>\n<meta property=\"og:site_name\" content=\"Les P\u00e9licans Noirs\" \/>\n<meta property=\"article:modified_time\" content=\"2025-08-01T15:06:28+00:00\" \/>\n<meta property=\"og:image\" content=\"https:\/\/les-pelicans-noirs.fr\/wp-content\/uploads\/2008\/12\/16958-tchang.jpg\" \/>\n\t<meta property=\"og:image:width\" content=\"395\" \/>\n\t<meta property=\"og:image:height\" content=\"260\" \/>\n\t<meta property=\"og:image:type\" content=\"image\/jpeg\" \/>\n<meta name=\"twitter:card\" content=\"summary_large_image\" \/>\n<meta name=\"twitter:label1\" content=\"Est. reading time\" \/>\n\t<meta name=\"twitter:data1\" content=\"2 minutes\" \/>\n<script type=\"application\/ld+json\" class=\"yoast-schema-graph\">{\"@context\":\"https:\/\/schema.org\",\"@graph\":[{\"@type\":\"WebPage\",\"@id\":\"https:\/\/les-pelicans-noirs.fr\/?page_id=936\",\"url\":\"https:\/\/les-pelicans-noirs.fr\/?page_id=936\",\"name\":\"Moule \u00e0 gaufres ? Ostrogoth ? Bachi-bouzouk ? Mais qui sommes-nous, mille sabords ? - Les P\u00e9licans Noirs\",\"isPartOf\":{\"@id\":\"https:\/\/les-pelicans-noirs.fr\/#website\"},\"primaryImageOfPage\":{\"@id\":\"https:\/\/les-pelicans-noirs.fr\/?page_id=936#primaryimage\"},\"image\":{\"@id\":\"https:\/\/les-pelicans-noirs.fr\/?page_id=936#primaryimage\"},\"thumbnailUrl\":\"https:\/\/lespelicansnoirs.wordpress.com\/wp-content\/uploads\/2025\/06\/2024-09-14-pelicans-noirs-sortie-marcopolo-2.jpg\",\"datePublished\":\"2025-06-03T17:58:54+00:00\",\"dateModified\":\"2025-08-01T15:06:28+00:00\",\"breadcrumb\":{\"@id\":\"https:\/\/les-pelicans-noirs.fr\/?page_id=936#breadcrumb\"},\"inLanguage\":\"en-US\",\"potentialAction\":[{\"@type\":\"ReadAction\",\"target\":[\"https:\/\/les-pelicans-noirs.fr\/?page_id=936\"]}]},{\"@type\":\"ImageObject\",\"inLanguage\":\"en-US\",\"@id\":\"https:\/\/les-pelicans-noirs.fr\/?page_id=936#primaryimage\",\"url\":\"https:\/\/lespelicansnoirs.wordpress.com\/wp-content\/uploads\/2025\/06\/2024-09-14-pelicans-noirs-sortie-marcopolo-2.jpg\",\"contentUrl\":\"https:\/\/lespelicansnoirs.wordpress.com\/wp-content\/uploads\/2025\/06\/2024-09-14-pelicans-noirs-sortie-marcopolo-2.jpg\"},{\"@type\":\"BreadcrumbList\",\"@id\":\"https:\/\/les-pelicans-noirs.fr\/?page_id=936#breadcrumb\",\"itemListElement\":[{\"@type\":\"ListItem\",\"position\":1,\"name\":\"Accueil\",\"item\":\"https:\/\/les-pelicans-noirs.fr\/\"},{\"@type\":\"ListItem\",\"position\":2,\"name\":\"Moule \u00e0 gaufres ? Ostrogoth ? Bachi-bouzouk ? Mais qui sommes-nous, mille sabords ?\"}]},{\"@type\":\"WebSite\",\"@id\":\"https:\/\/les-pelicans-noirs.fr\/#website\",\"url\":\"https:\/\/les-pelicans-noirs.fr\/\",\"name\":\"Les P\u00e9licans Noirs\",\"description\":\"Association des tintinophiles de Bordeaux\",\"publisher\":{\"@id\":\"https:\/\/les-pelicans-noirs.fr\/#organization\"},\"potentialAction\":[{\"@type\":\"SearchAction\",\"target\":{\"@type\":\"EntryPoint\",\"urlTemplate\":\"https:\/\/les-pelicans-noirs.fr\/?s={search_term_string}\"},\"query-input\":{\"@type\":\"PropertyValueSpecification\",\"valueRequired\":true,\"valueName\":\"search_term_string\"}}],\"inLanguage\":\"en-US\"},{\"@type\":\"Organization\",\"@id\":\"https:\/\/les-pelicans-noirs.fr\/#organization\",\"name\":\"Les P\u00e9licans Noirs\",\"url\":\"https:\/\/les-pelicans-noirs.fr\/\",\"logo\":{\"@type\":\"ImageObject\",\"inLanguage\":\"en-US\",\"@id\":\"https:\/\/les-pelicans-noirs.fr\/#\/schema\/logo\/image\/\",\"url\":\"https:\/\/les-pelicans-noirs.fr\/wp-content\/uploads\/2025\/07\/cropped-fond_pelicans2-4.jpg\",\"contentUrl\":\"https:\/\/les-pelicans-noirs.fr\/wp-content\/uploads\/2025\/07\/cropped-fond_pelicans2-4.jpg\",\"width\":901,\"height\":198,\"caption\":\"Les P\u00e9licans Noirs\"},\"image\":{\"@id\":\"https:\/\/les-pelicans-noirs.fr\/#\/schema\/logo\/image\/\"}}]}<\/script>\n<!-- \/ Yoast SEO plugin. -->","yoast_head_json":{"title":"Moule \u00e0 gaufres ? Ostrogoth ? Bachi-bouzouk ? Mais qui sommes-nous, mille sabords ? - Les P\u00e9licans Noirs","robots":{"index":"index","follow":"follow","max-snippet":"max-snippet:-1","max-image-preview":"max-image-preview:large","max-video-preview":"max-video-preview:-1"},"canonical":"https:\/\/les-pelicans-noirs.fr\/?page_id=936","og_locale":"en_US","og_type":"article","og_title":"Moule \u00e0 gaufres ? Ostrogoth ? Bachi-bouzouk ? Mais qui sommes-nous, mille sabords ? - Les P\u00e9licans Noirs","og_description":"Imaginez quelques amis, dans le cadre de leurs relations amicales ou professionnelles. Ils d\u00e9couvrent, un jour au cours","og_url":"https:\/\/les-pelicans-noirs.fr\/?page_id=936","og_site_name":"Les P\u00e9licans Noirs","article_modified_time":"2025-08-01T15:06:28+00:00","og_image":[{"width":395,"height":260,"url":"https:\/\/les-pelicans-noirs.fr\/wp-content\/uploads\/2008\/12\/16958-tchang.jpg","type":"image\/jpeg"}],"twitter_card":"summary_large_image","twitter_misc":{"Est. reading time":"2 minutes"},"schema":{"@context":"https:\/\/schema.org","@graph":[{"@type":"WebPage","@id":"https:\/\/les-pelicans-noirs.fr\/?page_id=936","url":"https:\/\/les-pelicans-noirs.fr\/?page_id=936","name":"Moule \u00e0 gaufres ? Ostrogoth ? Bachi-bouzouk ? Mais qui sommes-nous, mille sabords ? - Les P\u00e9licans Noirs","isPartOf":{"@id":"https:\/\/les-pelicans-noirs.fr\/#website"},"primaryImageOfPage":{"@id":"https:\/\/les-pelicans-noirs.fr\/?page_id=936#primaryimage"},"image":{"@id":"https:\/\/les-pelicans-noirs.fr\/?page_id=936#primaryimage"},"thumbnailUrl":"https:\/\/lespelicansnoirs.wordpress.com\/wp-content\/uploads\/2025\/06\/2024-09-14-pelicans-noirs-sortie-marcopolo-2.jpg","datePublished":"2025-06-03T17:58:54+00:00","dateModified":"2025-08-01T15:06:28+00:00","breadcrumb":{"@id":"https:\/\/les-pelicans-noirs.fr\/?page_id=936#breadcrumb"},"inLanguage":"en-US","potentialAction":[{"@type":"ReadAction","target":["https:\/\/les-pelicans-noirs.fr\/?page_id=936"]}]},{"@type":"ImageObject","inLanguage":"en-US","@id":"https:\/\/les-pelicans-noirs.fr\/?page_id=936#primaryimage","url":"https:\/\/lespelicansnoirs.wordpress.com\/wp-content\/uploads\/2025\/06\/2024-09-14-pelicans-noirs-sortie-marcopolo-2.jpg","contentUrl":"https:\/\/lespelicansnoirs.wordpress.com\/wp-content\/uploads\/2025\/06\/2024-09-14-pelicans-noirs-sortie-marcopolo-2.jpg"},{"@type":"BreadcrumbList","@id":"https:\/\/les-pelicans-noirs.fr\/?page_id=936#breadcrumb","itemListElement":[{"@type":"ListItem","position":1,"name":"Accueil","item":"https:\/\/les-pelicans-noirs.fr\/"},{"@type":"ListItem","position":2,"name":"Moule \u00e0 gaufres ? Ostrogoth ? Bachi-bouzouk ? Mais qui sommes-nous, mille sabords ?"}]},{"@type":"WebSite","@id":"https:\/\/les-pelicans-noirs.fr\/#website","url":"https:\/\/les-pelicans-noirs.fr\/","name":"Les P\u00e9licans Noirs","description":"Association des tintinophiles de Bordeaux","publisher":{"@id":"https:\/\/les-pelicans-noirs.fr\/#organization"},"potentialAction":[{"@type":"SearchAction","target":{"@type":"EntryPoint","urlTemplate":"https:\/\/les-pelicans-noirs.fr\/?s={search_term_string}"},"query-input":{"@type":"PropertyValueSpecification","valueRequired":true,"valueName":"search_term_string"}}],"inLanguage":"en-US"},{"@type":"Organization","@id":"https:\/\/les-pelicans-noirs.fr\/#organization","name":"Les P\u00e9licans Noirs","url":"https:\/\/les-pelicans-noirs.fr\/","logo":{"@type":"ImageObject","inLanguage":"en-US","@id":"https:\/\/les-pelicans-noirs.fr\/#\/schema\/logo\/image\/","url":"https:\/\/les-pelicans-noirs.fr\/wp-content\/uploads\/2025\/07\/cropped-fond_pelicans2-4.jpg","contentUrl":"https:\/\/les-pelicans-noirs.fr\/wp-content\/uploads\/2025\/07\/cropped-fond_pelicans2-4.jpg","width":901,"height":198,"caption":"Les P\u00e9licans Noirs"},"image":{"@id":"https:\/\/les-pelicans-noirs.fr\/#\/schema\/logo\/image\/"}}]}},"_links":{"self":[{"href":"https:\/\/les-pelicans-noirs.fr\/index.php?rest_route=\/wp\/v2\/pages\/936","targetHints":{"allow":["GET"]}}],"collection":[{"href":"https:\/\/les-pelicans-noirs.fr\/index.php?rest_route=\/wp\/v2\/pages"}],"about":[{"href":"https:\/\/les-pelicans-noirs.fr\/index.php?rest_route=\/wp\/v2\/types\/page"}],"author":[{"embeddable":true,"href":"https:\/\/les-pelicans-noirs.fr\/index.php?rest_route=\/wp\/v2\/users\/1"}],"replies":[{"embeddable":true,"href":"https:\/\/les-pelicans-noirs.fr\/index.php?rest_route=%2Fwp%2Fv2%2Fcomments&post=936"}],"version-history":[{"count":1,"href":"https:\/\/les-pelicans-noirs.fr\/index.php?rest_route=\/wp\/v2\/pages\/936\/revisions"}],"predecessor-version":[{"id":1063,"href":"https:\/\/les-pelicans-noirs.fr\/index.php?rest_route=\/wp\/v2\/pages\/936\/revisions\/1063"}],"wp:attachment":[{"href":"https:\/\/les-pelicans-noirs.fr\/index.php?rest_route=%2Fwp%2Fv2%2Fmedia&parent=936"}],"curies":[{"name":"wp","href":"https:\/\/api.w.org\/{rel}","templated":true}]}}